{"id":4530,"date":"2024-10-18T16:43:49","date_gmt":"2024-10-18T16:43:49","guid":{"rendered":"https:\/\/mailnewsletter.pt\/kwarea\/?page_id=4530"},"modified":"2024-10-18T16:57:00","modified_gmt":"2024-10-18T16:57:00","slug":"politica-de-cookies","status":"publish","type":"page","link":"https:\/\/mailnewsletter.pt\/kwarea\/politica-de-cookies","title":{"rendered":"Pol\u00edtica de Cookies"},"content":{"rendered":"\t\t<div data-elementor-type=\"wp-page\" data-elementor-id=\"4530\" class=\"elementor elementor-4530\" data-elementor-post-type=\"page\">\n\t\t\t\t<div class=\"elementor-element elementor-element-2358ead e-flex e-con-boxed e-con e-parent\" data-id=\"2358ead\" data-element_type=\"container\">\n\t\t\t\t\t<div class=\"e-con-inner\">\n\t\t\t\t<div class=\"elementor-element elementor-element-dd60830 elementor-widget elementor-widget-text-editor\" data-id=\"dd60830\" data-element_type=\"widget\" data-widget_type=\"text-editor.default\">\n\t\t\t\t<div class=\"elementor-widget-container\">\n\t\t\t\t\t\t\t\t\t<p><\/p><h1 class=\"wp-block-heading\">Pol\u00edtica de Cookies &#8211; KW AREA<\/h1><h2><strong>\u00a0<\/strong><\/h2><h2><strong>1. Intro<\/strong><\/h2><p>A presente Pol\u00edtica de Cookies procura explicar de forma transparente e espec\u00edfica, como a utilizamos a informa\u00e7\u00e3o pessoal que recolhemos atrav\u00e9s da sua utiliza\u00e7\u00e3o do nosso website. \u00c9 neste esp\u00edrito, que a presente Pol\u00edtica de Cookies detalha como, quando e porqu\u00ea utilizamos cookies na nossa plataforma.<\/p><p>Este website utiliza cookies, n\u00e3o s\u00f3 de modo a garantir que oferecemos uma experi\u00eancia \u00fanica e personalizada de pesquisa da sua nova casa, apartamento ou qualquer outro tipo de im\u00f3vel, como de modo a podermos partilhar com os nossos parceiros tecnol\u00f3gicos dados agregados que nos permitam melhorar, de forma cont\u00ednua e integrada, o nosso Website e a sua experi\u00eancia de navega\u00e7\u00e3o.<\/p><p>Ao continuar a explorar o Website da KW Portugal (em www.kwportugal.pt) concorda expressamente com a nossa Pol\u00edtica de Cookies.<\/p><p>\u00a0<\/p><h2><strong>2. O que s\u00e3o Cookies?<\/strong><\/h2><p>Cookies s\u00e3o ficheiros que t\u00eam pequenos fragmentos de informa\u00e7\u00e3o que \u00e9 armazenada e descarregada no seu dispositivo sempre que visita um website (e que geralmente possuem um identificador \u00fanico), pelo que, no caso da KW Portugal, os mesmos ser\u00e3o utilizados sempre que visitar www.kwportugal.pt (doravante identificado por &#8220;Website&#8221; ou &#8220;Plataforma&#8221;).<\/p><p>Alguns dos Cookies s\u00f3 ser\u00e3o despoletados caso determinadas funcionalidades sejam utilizadas, ao passo que a KW Portugal poder\u00e1 utilizar outros Cookies que ser\u00e3o sempre gerados e utilizados. Acresce que a KW Portugal e outros servi\u00e7os externos podem armazenar Cookies permanentes, que ficam armazenados ao n\u00edvel do browser nos seus equipamentos de acesso e que s\u00e3o utilizados sempre que faz uma nova visita ao Website (e desde que os mesmos sejam definidos como necess\u00e1rios \u00e0 correta utiliza\u00e7\u00e3o da plataforma), bem como recorrer a Cookies de sess\u00e3o tempor\u00e1rios que permanecem no arquivo de Cookies do seu browser at\u00e9 sair do Website.<\/p><p>Poder\u00e1 ficar a saber mais sobre quais os Cookies que utilizamos a partir da lista que se encontra disponibilizada infra. A KW Portugal compromete-se a actualizar esta listagem trimestralmente, pelo que a mesma poder\u00e1 n\u00e3o reflectir, a todo o momento, os Cookies realmente em utiliza\u00e7\u00e3o.<\/p><p>Poderemos tamb\u00e9m utilizar web beacons, tags ou scripts no nosso Website ou nos emails enviados pela KW Portugal, ou pelos Consultores seus associados, de modo a melhor compreendermos os padr\u00f5es de utiliza\u00e7\u00e3o da nossa Plataforma e cujos resultados poder\u00e3o ser reportados com base em servi\u00e7os de terceiros, tanto com base em dados individuais, como agregados.<\/p><p>Para mais informa\u00e7\u00f5es sobre Cookies poder\u00e1 consultar duas plataformas que disponibilizam informa\u00e7\u00e3o mais detalhada sobre Cookies e que n\u00e3o possuem qualquer tipo de rela\u00e7\u00e3o comercial ou jur\u00eddica com a KW Portugal:\u00a0<a href=\"http:\/\/www.allaboutcookies.org\/\" target=\"_blank\" rel=\"noopener\">http:\/\/www.allaboutcookies.org<\/a>\u00a0ou\u00a0<a href=\"https:\/\/www.aboutcookies.org\/\" target=\"_blank\" rel=\"noopener\">https:\/\/www.aboutcookies.org<\/a>.<\/p><p>\u00a0<\/p><h2><strong>3. Porqu\u00ea utilizar Cookies?<\/strong><\/h2><p>A utiliza\u00e7\u00e3o de Cookies \u00e9 algo de praticamente universal a todos os websites, n\u00e3o prejudicando de forma alguma os dispositivos (computadores, tablets, telem\u00f3veis) em que s\u00e3o armazenados e permitindo uma melhor experi\u00eancia de utiliza\u00e7\u00e3o das pr\u00f3prias plataformas, tanto em termos de performance, como em termos de navega\u00e7\u00e3o, uma vez que os conte\u00fados disponibilizados ser\u00e3o mais orientados \u00e0s reais necessidades e expectativas dos utilizadores.<\/p><p>Os Cookies permitem, assim, que o Website memorize informa\u00e7\u00f5es sobre a sua visita, como o seu idioma preferido, a sua localiza\u00e7\u00e3o, a recorr\u00eancia das suas sess\u00f5es e outras vari\u00e1veis que consideramos como relevantes para tornar a sua experi\u00eancia de pesquisa imobili\u00e1ria muito mais confort\u00e1vel e eficiente.<\/p><p>\u00a0<\/p><h2><strong>4. Cookies utilizadas<\/strong><\/h2><p>A KW Portugal detalha, de seguida, a informa\u00e7\u00e3o relativa aos Cookies utilizados no nosso Website, bem como identifica quais as entidades parceiras que se encontram autorizadas a colocar Cookies na nossa plataforma (explanando, de forma individual, a mais-valia de contemplar estes parceiros na nossa plataforma).<\/p><p>O Website da KW Portugal, ou os emails enviados pela KW Portugal (ou por qualquer um dos Consultores seus associados) poder\u00e1 conter links para outros websites ou aplica\u00e7\u00f5es, incluindo dos nossos parceiros. Caso aceda a um desses links ou aplica\u00e7\u00f5es, tenha em considera\u00e7\u00e3o que as respectivas Pol\u00edticas de Cookies s\u00e3o da exclusiva responsabilidade das entidades que as gerem. Por este motivo, leia as Pol\u00edticas de Cookies de outras plataformas ou aplica\u00e7\u00f5es antes de as utilizar.<\/p><p>\u00a0<\/p><p>A KW Portugal utiliza 4 tipos de Cookies na sua Plataforma:<\/p><h5><strong>a. Cookies estritamente necess\u00e1rios<\/strong><\/h5><p>Permitem que navegue no Website e que utilize a maioria das funcionalidades disponibilizadas. Sem estes Cookies, o servi\u00e7o de pesquisa imobili\u00e1ria na plataforma, e bem assim, de contacto com os Consultores associados da KW Portugal podem n\u00e3o ser prestados, ou podem n\u00e3o funcionar corretamente.<\/p><p>\u00a0<\/p><p>A KW Portugal recorre a estes Cookies, pelos seguintes motivos:<\/p><ul><li>Permitir que os nossos servidores respondam a determinadas ac\u00e7\u00f5es no Website, ou simplesmente permitir que os nossos utilizadores naveguem na plataforma, uma vez que sem estes Cookies, esta n\u00e3o funcionaria no seu dispositivo.<\/li><li>Garantir uma experi\u00eancia de utilizador consistente durante a sua viagem no Website da KW Portugal e que este recebe informa\u00e7\u00f5es atualizadas e consistentes.<\/li><li>Contribuir para uma melhor distribui\u00e7\u00e3o din\u00e2mica em www.kwportugal.pt, para garantir a melhor velocidade e desempenho, enquanto navega na plataforma.<\/li><li>Assegurar uma experi\u00eancia consistente, mesmo quando a KW Portugal promove a implementa\u00e7\u00e3o de melhorias no Website.<\/li><\/ul><p>\u00a0<\/p><ul><li><strong>Nome do Cookie:<\/strong>\u00a0Google Analytics<\/li><li><strong>Entidade Respons\u00e1vel:\u00a0<\/strong>Google Inc.<\/li><li><strong>Motivo da Utiliza\u00e7\u00e3o do Cookie:<\/strong>\u00a0Registo de sess\u00e3o, movimenta\u00e7\u00e3o entre p\u00e1ginas e intera\u00e7\u00e3o com conte\u00fados para fins estat\u00edsticos.<\/li><\/ul><p>\u00a0<\/p><ul><li><strong>Nome do Cookie:<\/strong>\u00a0KW Portugal<\/li><li><strong>Entidade Respons\u00e1vel:\u00a0<\/strong>KW Portugal<\/li><li><strong>Motivo da Utiliza\u00e7\u00e3o do Cookie:<\/strong>\u00a0Registo an\u00f3nimo mantido durante a sess\u00e3o, desde que entra neste s\u00edtio (websites) at\u00e9 que sai, para memorizar as prefer\u00eancias dos utilizadores.\u00a0<\/li><\/ul><p>\u00a0<\/p><ul><li><strong>Nome do Cookie:<\/strong>\u00a0Cookie Consent<\/li><li><strong>Entidade Respons\u00e1vel:\u00a0<\/strong>Silktide Ltd.<\/li><li><strong>Motivo da Utiliza\u00e7\u00e3o do Cookie:<\/strong>\u00a0Regista o consentimento do utilizador \u00e0 nossa pol\u00edtica de cookies.\u00a0<\/li><\/ul><p>\u00a0<\/p><h5><strong>b. Cookies de desempenho<\/strong><\/h5><p>S\u00e3o utilizados anonimamente para efeitos de cria\u00e7\u00e3o e an\u00e1lise de estat\u00edsticas, no sentido de permitir uma melhoria cont\u00ednua do Website e, desta forma, uma cada vez melhor experi\u00eancia de utiliza\u00e7\u00e3o para quem procura um im\u00f3vel para comprar ou arrendar.<\/p><p>\u00a0<\/p><p>A KW Portugal recorre a estes Cookies, pelos seguintes motivos:<\/p><p>\u00a0<\/p><p><strong>Para fins de An\u00e1lise:<\/strong>\u00a0Utilizamos o Google Analytics para melhor se compreender como os clientes est\u00e3o a utilizar a Plataforma, de modo a ajudar na gest\u00e3o de desempenho e design do Website. O Google ir\u00e1 guardar esta informa\u00e7\u00e3o, pelo que de modo a que possa consultar a Pol\u00edtica de Privacidade do Google dever\u00e1 aceder a\u00a0<a href=\"https:\/\/google.com\/intl\/pt\/policies\/privacy\" target=\"_blank\" rel=\"noopener\">google.com\/intl\/pt\/policies\/privacy<\/a>.<\/p><p>\u00a0<\/p><p><strong>Para fins de Teste:<\/strong>\u00a0De modo a que se possam testar diferentes combina\u00e7\u00f5es de desenho de produto, e bem assim, melhorar a experi\u00eancia do cliente na pesquisa da sua nova casa ou lugar de neg\u00f3cio e o desempenho do portal imobili\u00e1rio da KW Portugal.<\/p><p>\u00a0<\/p><ul><li><strong>Nome do Cookie:<\/strong>\u00a0Google Analytics<\/li><li><strong>Entidade Respons\u00e1vel:\u00a0<\/strong>Google Inc.<\/li><li><strong>Motivo da Utiliza\u00e7\u00e3o do Cookie:<\/strong>\u00a0Registo de sess\u00e3o, movimenta\u00e7\u00e3o entre p\u00e1ginas e intera\u00e7\u00e3o com conte\u00fados para fins estat\u00edsticos.<\/li><\/ul><p>\u00a0<\/p><ul><li><strong>Nome do Cookie:<\/strong>\u00a0KW Portugal<\/li><li><strong>Entidade Respons\u00e1vel:\u00a0<\/strong>KW Portugal<\/li><li><strong>Motivo da Utiliza\u00e7\u00e3o do Cookie:<\/strong>\u00a0Registo an\u00f3nimo mantido durante a sess\u00e3o, desde que entra neste s\u00edtio (websites) at\u00e9 que sai, para memorizar as prefer\u00eancias dos utilizadores.<\/li><\/ul><p>\u00a0<\/p><h5><strong>c. Cookies de funcionalidade ou de prefer\u00eancia<\/strong><\/h5><p>Guardam as prefer\u00eancias do utilizador relativamente \u00e0 utiliza\u00e7\u00e3o do Website, para que n\u00e3o seja necess\u00e1rio voltar a configur\u00e1-las sempre que a plataforma \u00e9 visitada a partir do mesmo dispositivo.<\/p><p>\u00a0<\/p><p>A KW Portugal recorre a estes Cookies, pelos seguintes motivos:<\/p><ul><li>Manter as configura\u00e7\u00f5es do Website, tal como a sua prefer\u00eancia de idioma<\/li><li>Facilitar a utiliza\u00e7\u00e3o da plataforma, por exemplo, ao pr\u00e9-preencher determinados campos, com base em navega\u00e7\u00f5es anteriores<\/li><li>Detectar se uma determinada funcionalidade j\u00e1 foi utilizada ou n\u00e3o (evitar, por exemplo, que um mesmo formul\u00e1rio de contacto seja preenchido pelo mesmo utilizador)<\/li><li>Satisfazer um pedido do utilizador como, por exemplo, enviar um coment\u00e1rio.<\/li><li>Personalizar a experi\u00eancia de navega\u00e7\u00e3o em www.kwportugal.pt, com destaques relevantes, definidos com base nas suas pesquisas, visualiza\u00e7\u00f5es e contactos anteriores<\/li><\/ul><p>\u00a0<\/p><ul><li><strong>Nome do Cookie:<\/strong>\u00a0Google Translate<\/li><li><strong>Entidade Respons\u00e1vel:\u00a0<\/strong>Google Inc.<\/li><li><strong>Motivo da Utiliza\u00e7\u00e3o do Cookie:\u00a0<\/strong>Registo do idioma escolhido pelo utilizador para disponibilizar o servi\u00e7o autom\u00e1tico de tradu\u00e7\u00e3o durante a navega\u00e7\u00e3o.<\/li><\/ul><p>\u00a0<\/p><ul><li><strong>Nome do Cookie:<\/strong>\u00a0Google Maps<\/li><li><strong>Entidade Respons\u00e1vel:\u00a0<\/strong>Google Inc.<\/li><li><strong>Motivo da Utiliza\u00e7\u00e3o do Cookie:\u00a0<\/strong>Recolhe informa\u00e7\u00e3o an\u00f3nima sobre a intera\u00e7\u00e3o com o mapa para efeitos estat\u00edsticos. (Usada apenas pela Google)<\/li><\/ul><p>\u00a0<\/p><h5><strong>d. Cookies de terceiros ou de publicidade<\/strong><\/h5><p>Medem o sucesso de aplica\u00e7\u00f5es e a efic\u00e1cia da publicidade de terceiros. Podem tamb\u00e9m ser utilizados no sentido de personalizar uma determinada funcionalidade com os dados do utilizador.<\/p><p>\u00a0<\/p><p>Direcionam a publicidade em fun\u00e7\u00e3o dos interesses de cada utilizador, por forma a direcionar as campanhas publicit\u00e1rias tendo em conta os gostos dos utilizadores, sendo que, al\u00e9m disso, limitam a quantidade de vezes que se v\u00ea cada an\u00fancio, ajudando a medir a efic\u00e1cia da publicidade e o sucesso da organiza\u00e7\u00e3o do Website.<\/p><p>\u00a0<\/p><ul><li><strong>Nome do Cookie:<\/strong>\u00a0AddThis<\/li><li><strong>Entidade Respons\u00e1vel:<\/strong>\u00a0AddThis Inc.<\/li><li><strong>Motivo da Utiliza\u00e7\u00e3o do Cookie:\u00a0<\/strong><p>Registo de sess\u00e3o e intera\u00e7\u00e3o com conte\u00fados para fins estat\u00edsticos e de disponibiliza\u00e7\u00e3o de mecanismos de partilha nas redes sociais.<\/p><\/li><\/ul><p>\u00a0<\/p><ul><li><strong>Nome do Cookie:<\/strong>\u00a0Hotjar<\/li><li><strong>Entidade Respons\u00e1vel:<\/strong>\u00a0Hotjar Ltd.<\/li><li><strong>Motivo da Utiliza\u00e7\u00e3o do Cookie:\u00a0<\/strong>Registo da navega\u00e7\u00e3o e intera\u00e7\u00e3o com conte\u00fados entre as m\u00faltiplas p\u00e1ginas durante a navega\u00e7\u00e3o para efeitos estat\u00edsticos e an\u00e1lise comportamental.<\/li><\/ul><p>\u00a0<\/p><ul><li><strong>Nome do Cookie:<\/strong>\u00a0Facebook<\/li><li><strong>Entidade Respons\u00e1vel:<\/strong>\u00a0Facebook Inc.<\/li><li><strong>Motivo da Utiliza\u00e7\u00e3o do Cookie:\u00a0<\/strong><p>Registo de atividade e intera\u00e7\u00e3o com conte\u00fados do Facebook, para an\u00e1lise de comportamentos, interaf\u00e7\u00f5es com an\u00fancios e para efeitos estat\u00edsticos (usados apenas pelo Facebook).\u00a0<\/p><\/li><\/ul><p>\u00a0<\/p><ul><li><strong>Nome do Cookie:<\/strong>\u00a0Doubleclick<\/li><li><strong>Entidade Respons\u00e1vel:<\/strong>\u00a0Google Inc.<\/li><li><strong>Motivo da Utiliza\u00e7\u00e3o do Cookie:\u00a0<\/strong><p>Regista as a\u00e7\u00f5es dos utilizadores depois de interagir com an\u00fancios com o prop\u00f3sito de medir e ajustar a efic\u00e1cia de publicidade (usada apenas pela Google)<\/p><\/li><\/ul><p>\u00a0<\/p><ul><li><strong>Nome do Cookie:<\/strong>\u00a0Youtube<\/li><li><strong>Entidade Respons\u00e1vel:<\/strong>\u00a0Google Inc.<\/li><li><strong>Motivo da Utiliza\u00e7\u00e3o do Cookie:\u00a0<\/strong>Recolhe informa\u00e7\u00e3o an\u00f3nima de sess\u00e3o e intera\u00e7\u00e3o com os v\u00eddeos para efeitos estat\u00edsticos e registo de atividade com eventuais publicidades sobre os conte\u00fados. (usada apenas pela Google)<\/li><\/ul><p>\u00a0<\/p><p>As tr\u00eas primeiras categorias de Cookies (estritamente necess\u00e1rios, de desempenho e de funcionalidade ou prefer\u00eancia) s\u00e3o fundamentais para manter a efici\u00eancia, a efic\u00e1cia e a facilidade de utiliza\u00e7\u00e3o da Plataforma, bem como para garantir uma experi\u00eancia imersiva e coerente, pelo que, n\u00e3o permitimos que estes sejam desativados autonomamente.<\/p><p>\u00a0<\/p><p>O Website da KW Portugal utiliza ainda funcionalidades que s\u00e3o totalmente geridas por entidades terceiras, externas \u00e0 KW Portugal, tal como o bot\u00e3o de \u201cPartilha\u201d, ou de \u201cGostar de P\u00e1gina\u201d do Facebook. Estas funcionalidades podem recolher o IP do utilizador, as p\u00e1ginas visitadas na Plataforma e gerar um Cookie, de modo a que a funcionalidade tenha o comportamento esperado. A intera\u00e7\u00e3o dos utilizadores com estas ferramentas \u00e9 exclusivamente regulada pela Pol\u00edtica de Privacidade das respectivas entidades.<\/p><p>\u00a0<\/p><p>Os principais parceiros publicit\u00e1rios e de m\u00e9dia que podem colocar Cookies no seu computador ao visitar a Plataforma da KW Portugal est\u00e3o listados abaixo, com liga\u00e7\u00f5es para os seus websites, onde poder\u00e1 consultar as respectivas Pol\u00edticas de Privacidade e informa\u00e7\u00f5es sobre o controlo de Cookies e optar por exclu\u00ed-los.<\/p><p>\u00a0<\/p><ul><li><strong>Nome do parceiro:<\/strong>\u00a0Google Inc.<\/li><li><strong>Motivo da parceira:<\/strong>\u00a0Os Cookies reportam-se, sobretudo, mas n\u00e3o exclusivamente, a an\u00e1lise das din\u00e2micas de tr\u00e1fego, de modo a permitir a caracteriza\u00e7\u00e3o anonimizada de perfis de utiliza\u00e7\u00e3o com base em localiza\u00e7\u00e3o, origem e destino dos utilizadores, bem como para exibir mapas associados aos im\u00f3veis, ou garantir que o conte\u00fado \u00e9 apresentado no idioma mais relevante para a localiza\u00e7\u00e3o geogr\u00e1fica do utilizador.<\/li><li><strong>Pol\u00edtica de Privacidade no website do parceiro:\u00a0<a href=\"https:\/\/policies.google.com\/privacy\" target=\"_blank\" rel=\"noopener\">Abrir<\/a><\/strong><\/li><\/ul><p>\u00a0<\/p><ul><li><strong>Nome do parceiro:<\/strong>\u00a0Addthis Inc.<\/li><li><strong>Motivo da parceira:<\/strong>\u00a0Registo de sess\u00e3o e intera\u00e7\u00e3o com conte\u00fados para fins estat\u00edsticos e de disponibiliza\u00e7\u00e3o de mecanismos de partilha nas redes sociais.<\/li><li><strong>Pol\u00edtica de Privacidade no website do parceiro:\u00a0<a href=\"https:\/\/www.addthis.com\/privacy\" target=\"_blank\" rel=\"noopener\">Abrir<\/a><\/strong><\/li><\/ul><p>\u00a0<\/p><ul><li><strong>Nome do parceiro:<\/strong>\u00a0Hotjar Ltd<\/li><li><strong>Motivo da parceira:<\/strong>\u00a0P\u00e1ginas durante a navega\u00e7\u00e3o para efeitos estat\u00edsticos e an\u00e1lise comportamental.<\/li><li><strong>Pol\u00edtica de Privacidade no website do parceiro:\u00a0<a href=\"https:\/\/www.hotjar.com\/legal\/policies\/privacy\" target=\"_blank\" rel=\"noopener\">Abrir<\/a><\/strong><\/li><\/ul><p>\u00a0<\/p><ul><li><strong>Nome do parceiro:<\/strong>\u00a0Facebook Inc.<\/li><li><strong>Motivo da parceira:<\/strong>\u00a0Registo de atividade e intera\u00e7\u00e3o com conte\u00fados do Facebook, para an\u00e1lise de comportamentos, interaf\u00e7\u00f5es com an\u00fancios e para efeitos estat\u00edsticos (usados apenas pelo Facebook).<\/li><li><strong>Pol\u00edtica de Privacidade no website do parceiro:\u00a0<a href=\"https:\/\/www.facebook.com\/policy.php\" target=\"_blank\" rel=\"noopener\">Abrir<\/a><\/strong><\/li><\/ul><p>\u00a0<\/p><ul><li><strong>Nome do parceiro:<\/strong>\u00a0Silktide Ltd.<\/li><li><strong>Motivo da parceira:<\/strong>\u00a0Regista o consentimento do utilizador \u00e0 nossa pol\u00edtica de cookies.<\/li><li><strong>Pol\u00edtica de Privacidade no website do parceiro:\u00a0<a href=\"https:\/\/silktide.com\/privacy-policy\" target=\"_blank\" rel=\"noopener\">Abrir<\/a><\/strong>\u00a0<\/li><\/ul><p>\u00a0<\/p><p>A qualquer momento poder\u00e1 verificar e gerir os seus Cookies publicit\u00e1rios visitando:\u00a0<a href=\"http:\/\/www.youronlinechoices.com\/pt\/your-ad-choices\">http:\/\/www.youronlinechoices.com\/pt\/your-ad-choices<\/a>.<\/p><p>\u00a0<\/p><h2><strong>5. Gest\u00e3o dos Cookies<\/strong><\/h2><p>Os utilizadores podem sempre configurar os seus dispositivos e os browsers que utilizam para aceitarem todos ou alguns Cookies, para os notificarem sempre que um Cookie \u00e9 emitido, ou para nunca receberem Cookies. De modo a que possa, de forma simples e intuitiva, gerir os seus Cookies a partir do seu browser poder\u00e1 utilizar um dos links abaixo:<\/p><ul><li>Para mais informa\u00e7\u00f5es sobre &#8220;Navega\u00e7\u00e3o Privada&#8221; e gest\u00e3o de Cookies no browser\u00a0<strong>Firefox<\/strong>,\u00a0<a href=\"https:\/\/support.mozilla.org\/en-US\/kb\/enable-and-disable-cookies-website-preferences\" target=\"_blank\" rel=\"noopener\">clique\u00a0<\/a><a href=\"https:\/\/support.mozilla.org\/en-US\/kb\/enable-and-disable-cookies-website-preferences\" target=\"_blank\" rel=\"noopener\">aqui<\/a>\u00a0<\/li><li>Para mais informa\u00e7\u00f5es sobre &#8220;Navega\u00e7\u00e3o como Inc\u00f3gnito&#8221; e gest\u00e3o de Cookies no browser\u00a0<strong>Chrome<\/strong>,\u00a0<a href=\"https:\/\/support.google.com\/chrome\/answer\/95647?hl=en\" target=\"_blank\" rel=\"noopener\">clique aqui<\/a><\/li><li>Para mais informa\u00e7\u00f5es sobre \u201cNavega\u00e7\u00e3o Privada\u201d e gest\u00e3o de Cookies a partir do browser\u00a0<strong>Internet Explorer<\/strong>,\u00a0<a href=\"https:\/\/support.microsoft.com\/pt-pt\/help\/17442\/windows-internet-explorer-delete-manage-cookies\" target=\"_blank\" rel=\"noopener\">clique aqui<\/a><\/li><li>Para mais informa\u00e7\u00f5es sobre \u201cNavega\u00e7\u00e3o Privada\u201d e gest\u00e3o de Cookies a partir do browser\u00a0<strong>Safari<\/strong>,\u00a0<a href=\"https:\/\/support.apple.com\/kb\/ph21411?locale=en_US\" target=\"_blank\" rel=\"noopener\">clique aqui<\/a><\/li><li>Para mais informa\u00e7\u00f5es sobre \u201cNavega\u00e7\u00e3o Privada\u201d e gest\u00e3o de Cookies no browser\u00a0<strong>Opera<\/strong>,\u00a0<a href=\"http:\/\/help.opera.com\/Mac\/12.00\/en\/private.html\" target=\"_blank\" rel=\"noopener\">clique aqui<\/a><\/li><\/ul><p>\u00a0<\/p><p>Caso prefira restringir, bloquear ou eliminar Cookies que a KW Portugal utiliza na sua Plataforma, estar\u00e1 automaticamente a considerar este Website como uma entidade n\u00e3o &#8220;confi\u00e1vel&#8221;, pelo que parte significativa das funcionalidades disponibilizadas poder\u00e1 n\u00e3o ter o comportamento esperado.<\/p><h2><strong>\u00a0<\/strong><\/h2><p><\/p>\t\t\t\t\t\t\t\t<\/div>\n\t\t\t\t<\/div>\n\t\t\t\t\t<\/div>\n\t\t\t\t<\/div>\n\t\t\t\t<\/div>\n\t\t","protected":false},"excerpt":{"rendered":"<p>Pol\u00edtica de Cookies &#8211; KW AREA \u00a0 1. Intro A presente Pol\u00edtica de Cookies procura explicar de forma transparente e espec\u00edfica, como a utilizamos a informa\u00e7\u00e3o pessoal que recolhemos atrav\u00e9s da sua utiliza\u00e7\u00e3o do nosso website. \u00c9 neste esp\u00edrito, que a presente Pol\u00edtica de Cookies detalha como, quando e porqu\u00ea utilizamos cookies na nossa plataforma. [&hellip;]<\/p>\n","protected":false},"author":1,"featured_media":0,"parent":0,"menu_order":0,"comment_status":"closed","ping_status":"closed","template":"","meta":{"footnotes":""},"class_list":["post-4530","page","type-page","status-publish","hentry"],"_links":{"self":[{"href":"https:\/\/mailnewsletter.pt\/kwarea\/wp-json\/wp\/v2\/pages\/4530","targetHints":{"allow":["GET"]}}],"collection":[{"href":"https:\/\/mailnewsletter.pt\/kwarea\/wp-json\/wp\/v2\/pages"}],"about":[{"href":"https:\/\/mailnewsletter.pt\/kwarea\/wp-json\/wp\/v2\/types\/page"}],"author":[{"embeddable":true,"href":"https:\/\/mailnewsletter.pt\/kwarea\/wp-json\/wp\/v2\/users\/1"}],"replies":[{"embeddable":true,"href":"https:\/\/mailnewsletter.pt\/kwarea\/wp-json\/wp\/v2\/comments?post=4530"}],"version-history":[{"count":10,"href":"https:\/\/mailnewsletter.pt\/kwarea\/wp-json\/wp\/v2\/pages\/4530\/revisions"}],"predecessor-version":[{"id":4544,"href":"https:\/\/mailnewsletter.pt\/kwarea\/wp-json\/wp\/v2\/pages\/4530\/revisions\/4544"}],"wp:attachment":[{"href":"https:\/\/mailnewsletter.pt\/kwarea\/wp-json\/wp\/v2\/media?parent=4530"}],"curies":[{"name":"wp","href":"https:\/\/api.w.org\/{rel}","templated":true}]}}