{"id":3,"date":"2024-04-03T09:58:48","date_gmt":"2024-04-03T09:58:48","guid":{"rendered":"https:\/\/mailnewsletter.pt\/kwarea\/?page_id=3"},"modified":"2024-10-18T16:50:39","modified_gmt":"2024-10-18T16:50:39","slug":"politica-de-privacidade","status":"publish","type":"page","link":"https:\/\/mailnewsletter.pt\/kwarea\/politica-de-privacidade","title":{"rendered":"Pol\u00edtica de Privacidade"},"content":{"rendered":"\t\t<div data-elementor-type=\"wp-page\" data-elementor-id=\"3\" class=\"elementor elementor-3\" data-elementor-post-type=\"page\">\n\t\t\t\t<div class=\"elementor-element elementor-element-477d49fa e-flex e-con-boxed e-con e-parent\" data-id=\"477d49fa\" data-element_type=\"container\">\n\t\t\t\t\t<div class=\"e-con-inner\">\n\t\t\t\t<div class=\"elementor-element elementor-element-156db832 elementor-widget elementor-widget-text-editor\" data-id=\"156db832\" data-element_type=\"widget\" data-widget_type=\"text-editor.default\">\n\t\t\t\t<div class=\"elementor-widget-container\">\n\t\t\t\t\t\t\t\t\t<p><\/p>\n<h1 class=\"wp-block-heading\">Pol\u00edtica de Privacidade &#8211; KW AREA<\/h1>\n<h2><strong><br \/>O nosso compromisso com a sua Privacidade<\/strong><\/h2>\n<p>A seguran\u00e7a e a privacidade dos seus dados pessoais s\u00e3o importantes para a KW Portugal, para os Markets Centers que comp\u00f5em a Rede e para os Consultores nossos associados, pelo que desenvolvemos as nossas actividades comerciais no estrito cumprimento da legisla\u00e7\u00e3o aplic\u00e1vel em mat\u00e9ria de protec\u00e7\u00e3o de dados pessoais.\u00a0<\/p>\n<p>Assumimos o compromisso de explicitar, sempre que necess\u00e1rio, de que forma a KW Portugal ir\u00e1 utilizar os seus dados de modo a garantir que encontra a casa, escrit\u00f3rio ou loja que procura na nossa Plataforma. \u00c9 tamb\u00e9m nosso compromisso que todas as informa\u00e7\u00f5es recolhidas ser\u00e3o guardadas de forma segura, tanto pela KW Portugal, como pelas demais entidades parceiras com quem trabalhamos.<\/p>\n<p>Esta Pol\u00edtica de Privacidade procura explicar quais os dados pessoais que recolhemos sobre os nossos utilizadores, como e por que motivo os utilizamos, com quem os partilhamos e como protegemos a sua privacidade.<\/p>\n<p>\u00a0<\/p>\n<h2><strong>1. Quem \u00e9 respons\u00e1vel pelos seus dados<\/strong><\/h2>\n<p>A nossa Pol\u00edtica de Privacidade aplica-se exclusivamente aos dados pessoais que a KW Portugal recolhe a partir do Website www.kwportugal.pt.<\/p>\n<p>As refer\u00eancias nesta Pol\u00edtica de Privacidade \u00e0 &#8220;KW Portugal&#8221;, &#8220;n\u00f3s&#8221;, &#8220;nos&#8221; ou &#8220;nosso&#8221; significam ALL WIN \u2013 Consultoria de Gest\u00e3o, Lda., sociedade com sede na Rua do P\u00f3lo Sul, n.\u00ba 2, 2\u00ba A, Parque das Na\u00e7\u00f5es, 1990-273 Lisboa.<\/p>\n<p>Para efeitos da legisla\u00e7\u00e3o em mat\u00e9ria de prote\u00e7\u00e3o de dados, somos o &#8220;Respons\u00e1vel pelo Tratamento&#8221; relativamente \u00e0s informa\u00e7\u00f5es pessoais fornecidas e tratadas atrav\u00e9s deste s\u00edtio de Internet (&#8220;Website&#8221;).<\/p>\n<p>A presente Pol\u00edtica de Privacidade determina o que acontece aos dados pessoais que nos possa fornecer atrav\u00e9s do Website.<\/p>\n<p>A presente Pol\u00edtica de Privacidade pode ser alterada e actualizada a qualquer momento, sendo as novas vers\u00f5es publicadas no Website.<\/p>\n<p>Caso tenha alguma d\u00favida relacionada com a protec\u00e7\u00e3o dos seus dados pessoais, com a forma como a KW Portugal aborda todas as quest\u00f5es relacionadas com a privacidade ou a seguran\u00e7a, poder\u00e1 sempre contactar o nosso CTO, pelo email\u00a0<a href=\"mailto:privacy@kwportugal.pt\">privacy@kwportugal.pt<\/a>.<\/p>\n<p>\u00a0<\/p>\n<h2><strong>2. Dados que recolhemos sobre os nossos utilizadores<\/strong><\/h2>\n<p>Sempre que se aludir a &#8220;dados pessoais&#8221; na presente Pol\u00edtica de Privacidade, dever-se-\u00e1 assumir que os mesmos se reportam a informa\u00e7\u00f5es que se relacionam com os nossos utilizadores e que nos permitem identific\u00e1-los, de forma inequ\u00edvoca, quer directamente, quer em combina\u00e7\u00e3o com outras informa\u00e7\u00f5es que a KW Portugal possa deter. Os seus dados pessoais podem incluir, por exemplo, o seu nome, os seus dados de contacto, informa\u00e7\u00f5es sobre as suas expectativas relativamente a um determinado im\u00f3vel que contactou, ou informa\u00e7\u00f5es sobre como utiliza o nosso Website, ou como interage connosco.<\/p>\n<p>A KW Portugal recolhe dados pessoais dos utilizadores, por exemplo, quando estes nos contactam pelos formul\u00e1rios disponibilizados na Plataforma, exploram o nosso Website (mesmo que apenas fa\u00e7am pesquisas de Apartamentos, Moradias ou Escrit\u00f3rios), ou nos contactam telefonicamente. Tamb\u00e9m podemos receber os dados pessoais dos nossos utilizadores atrav\u00e9s dos nossos parceiros que lhes prestam servi\u00e7os em nosso nome (por exemplo, quando recomenda o nosso portal imobili\u00e1rio a algu\u00e9m que sabe que est\u00e1 \u00e0 procura de uma nova casa, com base no formul\u00e1rio que disponibilizamos para o efeito).<\/p>\n<p>\u00a0<\/p>\n<h3>a. Dados pessoais que a KW Portugal recolhe, de acordo com as mais estritas regras de seguran\u00e7a, e que s\u00e3o explicitamente fornecidos pelos nossos utilizadores:<\/h3>\n<p><strong>Na p\u00e1gina de detalhe de im\u00f3vel<\/strong>, ao preencher um pedido de informa\u00e7\u00e3o destinado ao Consultor imobili\u00e1rio associado da KW Portugal:<\/p>\n<ul>\n<li>Nome<\/li>\n<li>Morada de email<\/li>\n<li>Contacto telef\u00f3nico<\/li>\n<li>Elementos distintivos e pessoais que possa colocar no campo de descri\u00e7\u00e3o<\/li>\n<\/ul>\n<p><strong>Na p\u00e1gina de &#8220;Contactos&#8221;<\/strong>, caso preencha o formul\u00e1rio disponibilizado para o efeito e independentemente do assunto seleccionado:<\/p>\n<ul>\n<li>Nome<\/li>\n<li>Contacto telef\u00f3nico<\/li>\n<li>Morada de email<\/li>\n<li>Elementos distintivos e pessoais que possa colocar no campo de descri\u00e7\u00e3o<\/li>\n<\/ul>\n<p><strong>Na p\u00e1gina de detalhe de cada um dos Market Centers<\/strong>\u00a0que fazem parte da Rede Imobili\u00e1ria KW Portugal, caso preencha o formul\u00e1rio disponibilizado para o agendamento de uma entrevista:<\/p>\n<ul>\n<li>Nome<\/li>\n<li>Contacto telef\u00f3nico<\/li>\n<li>Morada de email<\/li>\n<li>Elementos distintivos e pessoais que possa colocar no campo de descri\u00e7\u00e3o<\/li>\n<\/ul>\n<p><strong>Na p\u00e1gina de detalhe de um dos Consultores Imobili\u00e1rios<\/strong>\u00a0associados da KW Portugal, caso preencha o formul\u00e1rio disponibilizado para entrar em contacto directo com o profissional:<\/p>\n<ul>\n<li>Nome<\/li>\n<li>Morada de email<\/li>\n<li>Contacto telef\u00f3nico<\/li>\n<li>Elementos distintivos e pessoais que possa colocar no campo de descri\u00e7\u00e3o<\/li>\n<\/ul>\n<p><strong>Na p\u00e1gina de &#8220;Carreira&#8221;<\/strong>, caso preencha o formul\u00e1rio disponibilizado para o agendamento de uma entrevista:<\/p>\n<ul>\n<li>Nome<\/li>\n<li>Contacto telef\u00f3nico<\/li>\n<li>Morada de email<\/li>\n<\/ul>\n<p><strong>Na p\u00e1gina de &#8220;Forma\u00e7\u00e3o KW&#8221;<\/strong>, caso preencha o formul\u00e1rio de inscri\u00e7\u00e3o disponibilizado nas p\u00e1ginas de cada uma das forma\u00e7\u00f5es agendadas:<\/p>\n<ul>\n<li>Nome<\/li>\n<li>Contacto telef\u00f3nico<\/li>\n<li>Morada de email<\/li>\n<\/ul>\n<h3>b. Dados que a KW Portugal recolhe, de forma autom\u00e1tica, com base na utiliza\u00e7\u00e3o da Plataforma por parte dos utilizadores:<\/h3>\n<p>Informa\u00e7\u00e3o t\u00e9cnica, em particular, o endere\u00e7o Internet Protocol (IP) do dispositivo que o utilizador est\u00e1 a utilizar para aceder \u00e0 Plataforma, o fuso hor\u00e1rio, o sistema operativo e o tipo e a vers\u00e3o de browser utilizado.<\/p>\n<p>Informa\u00e7\u00e3o sobre a sua visita, incluindo os websites a partir dos quais acede ao nosso Website e os websites acedidos a partir da nossa Plataforma, data e hora da visita, im\u00f3veis consultados, Market Centers e Consultores Imobili\u00e1rios visualizados e servi\u00e7os visualizados, dura\u00e7\u00e3o da visita, tempo de resposta das p\u00e1ginas do nosso Website, interac\u00e7\u00f5es com as funcionalidades disponibilizadas e outros dados relativos \u00e0 sua interac\u00e7\u00e3o com a Plataforma.<\/p>\n<p>A utiliza\u00e7\u00e3o da Plataforma poder\u00e1 ser monitorizada (a selec\u00e7\u00e3o das sess\u00f5es monitorizadas \u00e9 totalmente aleat\u00f3ria e assegurada por uma entidade parceira da KW Portugal), para que se possa analisar e interpretar, de forma agregada e an\u00f3nima, os padr\u00f5es de utiliza\u00e7\u00e3o do Website, permitindo assim melhorar os n\u00edveis de servi\u00e7o e a satisfa\u00e7\u00e3o das expectativas dos nossos utilizadores.<\/p>\n<p>Caso pretenda limitar a informa\u00e7\u00e3o que a KW Portugal recolhe automaticamente sempre que utilizar o nosso Website, consulte a nossa\u00a0<a href=\"https:\/\/www.kwportugal.pt\/politica-de-cookies\" target=\"_blank\" rel=\"noopener\">Pol\u00edtica de Cookies<\/a>. Importa sublinhar que a limita\u00e7\u00e3o da recolha e utiliza\u00e7\u00e3o dos seus dados pessoais pode implicar que a KW Portugal deixe de ser capaz de facultar o servi\u00e7o a que se prop\u00f5e no seu portal imobili\u00e1rio.<\/p>\n<p>\u00a0<\/p>\n<h2><strong>3. Finalidades dos dados pessoais recolhidos<\/strong><\/h2>\n<p>Com base na informa\u00e7\u00e3o introduzida pelos utilizadores na Plataforma da KW Portugal, o Respons\u00e1vel pelo Tratamento dos dados promover\u00e1 o seu tratamento, de modo a atingir os seguintes objectivos:<\/p>\n<ul>\n<li>Possibilitar que os utilizadores que recorrem ao portal imobili\u00e1rio da KW Portugal \u2013 nos termos constantes dos\u00a0<a href=\"https:\/\/www.kwportugal.pt\/termos-e-condicoes\" target=\"_blank\" rel=\"noopener\">Termos e Condi\u00e7\u00f5es de Servi\u00e7o<\/a>\u00a0\u2013 consigam ser contactados pelos Consultores Imobili\u00e1rios associados da KW Portugal, no seguimento do preenchimento do formul\u00e1rio existente tanto na p\u00e1gina de detalhe de im\u00f3vel, como na p\u00e1gina individual de cada profissional associado \u00e0 Rede;<\/li>\n<li>Responder aos utilizadores que tenham contactado a KW Portugal, a partir da sua Plataforma, de modo a que possamos esclarecer toda e qualquer d\u00favida que tenha sido colocada;<\/li>\n<li>Agendar entrevistas com candidatos que pretendam informa\u00e7\u00f5es adicionais sobre a Rede Imobili\u00e1ria KW e o papel central que os Consultores Imobili\u00e1rios desempenham, sempre que o utilizador tenha preenchido o respectivo formul\u00e1rio na Plataforma;<\/li>\n<li>Reencaminhar para um Market Center da Rede KW Portugal todos os contactos gerados por potenciais clientes que tenham expressado a sua vontade de vender o seu im\u00f3vel com base no servi\u00e7o de excel\u00eancia que a KW garante, de modo a que estes possam reencaminhar estes pedidos para os Consultores Imobili\u00e1rios que fazem parte da sua Equipa.<\/li>\n<\/ul>\n<p>Relativamente \u00e0s informa\u00e7\u00f5es recolhidas automaticamente pelo Website, com base na navega\u00e7\u00e3o que os nossos utilizadores tenham efectuado, promover-se-\u00e1 o seu tratamento, de modo a se prosseguir com os seguintes des\u00edgnios:<\/p>\n<ul>\n<li>Criar informa\u00e7\u00f5es an\u00f3nimas e agregadas sobre as caracter\u00edsticas e o comportamento dos utilizadores do Website, inclusivamente para efeitos de segmenta\u00e7\u00e3o e desenvolvimento de perfis an\u00f3nimos (personas);<\/li>\n<li>Melhorar o desempenho da Plataforma;<\/li>\n<li>Promover uma experi\u00eancia mais personalizada, de modo a que a pesquisa imobili\u00e1ria que efectue devolva os resultados que realmente pretende;<\/li>\n<li>Medir e monitorizar a efici\u00eancia dos destaques existentes na Plataforma;<\/li>\n<li>Gerir a Plataforma, de modo a garantir que a mesma se torna cada vez mais segura e transparente;<\/li>\n<li>Assegurar que eventuais actividades de remarketing promovidas pelos Consultores Imobili\u00e1rios associados da KW Portugal respeitam os mais exigentes padr\u00f5es de seguran\u00e7a e privacidade.<\/li>\n<\/ul>\n<h2><strong>4. Os seus direitos<\/strong><\/h2>\n<p>Nos termos da legisla\u00e7\u00e3o em vigor, os utilizadores t\u00eam o direito de se opor, em qualquer momento e de forma gratuita, ao tratamento dos seus dados pessoais para efeitos de marketing directo ou qualquer outra forma de prospec\u00e7\u00e3o. T\u00eam ainda o direito de retirar o seu consentimento em qualquer altura, sem que isso comprometa a licitude do tratamento que tenhamos feito com base no consentimento previamente dado.<\/p>\n<p>T\u00eam ainda o direito de ser informados antes de os dados pessoais serem comunicados pela primeira vez a terceiros para fins de marketing directo ou utilizados por conta de terceiros, e de lhes ser expressamente facultado o direito de se opor, sem despesas, a tais comunica\u00e7\u00f5es ou utiliza\u00e7\u00f5es.<\/p>\n<p>Caso os utilizadores pretendam que lhes seja facultado o acesso \u00e0s informa\u00e7\u00f5es pessoais que a KW Portugal det\u00e9m a seu respeito, basta que nos remeta um pedido nesse sentido, usando para o efeito o formul\u00e1rio constate na p\u00e1gina de Gest\u00e3o dos seus dados na KW.<\/p>\n<p>Se porventura alguma das informa\u00e7\u00f5es que a KW Portugal ou os Consultores Imobili\u00e1rios seus associados estiver incorrecta ou n\u00e3o for exacta, os utilizadores poder\u00e3o solicitar a respectiva correc\u00e7\u00e3o, a partir do formul\u00e1rio constante na p\u00e1gina Gest\u00e3o dos seus dados na KW.<\/p>\n<p>Caso qualquer utilizador tenha d\u00favidas sobre como proceder, pode contactar a KW Portugal, em qualquer momento, atrav\u00e9s do n\u00famero 210 488 191.<\/p>\n<p>Os utilizadores poder\u00e3o ainda contactar-nos para se oporem ao tratamento dos seus dados pessoais, requererem que os mesmos sejam apagados, ou que haja uma limita\u00e7\u00e3o do tratamento dos mesmos, bem como solicitar o direito \u00e0 portabilidade dos dados pessoais nos termos e dentro dos limites estabelecidos na legisla\u00e7\u00e3o em vigor. T\u00eam ainda o direito de solicitar a notifica\u00e7\u00e3o de terceiros sobre a rectifica\u00e7\u00e3o, apagamento ou limita\u00e7\u00e3o do tratamento dos seus dados pessoais.<\/p>\n<p>Acresce que, os utilizadores poder\u00e3o ainda apresentar uma reclama\u00e7\u00e3o a uma autoridade de controlo que, em Portugal, ser\u00e1 a Comiss\u00e3o Nacional de Protec\u00e7\u00e3o de Dados.<\/p>\n<p>Recordamos ainda que parte da informa\u00e7\u00e3o introduzida na Plataforma pode n\u00e3o se encontrar sob gest\u00e3o directa da KW Portugal, pelo que, nestes casos, envidaremos todos os esfor\u00e7os para que os pedidos efectuados por utilizadores, a partir da Plataforma, sejam respeitados tanto pelos Markets Centers, como pelos Consultores imobili\u00e1rios associados da KW Portugal (dependendo da natureza da informa\u00e7\u00e3o). Salientamos, tamb\u00e9m, que a KW Portugal n\u00e3o det\u00e9m quaisquer poderes de controlo ou instru\u00e7\u00e3o sobre os Consultores Imobili\u00e1rios seus associados, pelo que n\u00e3o poder\u00e1 garantir o efectivo ou imediato respeito pelo exerc\u00edcio dos seus direitos.<\/p>\n<p>\u00a0<\/p>\n<h2><strong>5. Seguran\u00e7a e qualidade da informa\u00e7\u00e3o<\/strong><\/h2>\n<p>\u00c9 nosso objectivo garantir a qualidade e integridade da informa\u00e7\u00e3o fornecida pelos utilizadores que recorrem ao portal imobili\u00e1rio da KW Portugal, tendo, neste sentido, sido implementadas as medidas necess\u00e1rias, tanto ao n\u00edvel tecnol\u00f3gico como organizacional, de forma a mantermos a informa\u00e7\u00e3o segura, precisa, actualizada e completa.<\/p>\n<p>Para garantir a m\u00e1xima seguran\u00e7a, nas \u00e1reas do Website onde s\u00e3o recolhidos os dados pessoais dos utilizadores, a sua transmiss\u00e3o \u00e9 encriptada.<\/p>\n<p>\u00a0<\/p>\n<h2><strong>6. Com quem partilhamos os seus dados?<\/strong><\/h2>\n<p>Os dados pessoais dos nossos utilizadores n\u00e3o ser\u00e3o transferidos a terceiros, salvo se:<\/p>\n<ul>\n<li>A KW Portugal tiver a sua autoriza\u00e7\u00e3o expressa;<\/li>\n<li>Estas entidades promoverem, ao abrigo de um contrato, o fornecimento dos servi\u00e7os disponibilizados pela KW Portugal aos nossos utilizadores;<\/li>\n<li>Tal for exigido nos termos da lei;<\/li>\n<li>Tal for estritamente necess\u00e1rio para assegurar o cumprimento dos nossos termos de utiliza\u00e7\u00e3o, direitos ou titularidade.<\/li>\n<\/ul>\n<p>Os colaboradores da KW Portugal e os Consultores Imobili\u00e1rios seus associados poder\u00e3o ter acesso aos seus dados pessoais para efeitos da gest\u00e3o da Plataforma, estando, no entanto, abrangidos por uma obriga\u00e7\u00e3o de confidencialidade relativamente aos dados aos quais tenham acesso no \u00e2mbito das opera\u00e7\u00f5es da respectiva base inform\u00e1tica.<\/p>\n<p>Os colaboradores da KW Portugal e os Consultores Imobili\u00e1rios seus associados est\u00e3o devidamente informados da import\u00e2ncia do cumprimento desse dever legal de sigilo, sendo respons\u00e1veis pelo cumprimento dessa obriga\u00e7\u00e3o de confidencialidade.<\/p>\n<p>Ao dar o seu consentimento para tal, a KW Portugal poder\u00e1 partilhar ou remeter os seus dados pessoais com:<\/p>\n<ul>\n<li>Os Market Centers que comp\u00f5em a Rede Imobili\u00e1ria KW;<\/li>\n<li>Os Consultores Imobili\u00e1rios associados da KW Portugal.<\/li>\n<\/ul>\n<p>O Site utiliza os servi\u00e7os do Google Analytics for Display, nomeadamente a fun\u00e7\u00e3o de remarketing. Esta fun\u00e7\u00e3o consiste na exibi\u00e7\u00e3o de an\u00fancios a utilizadores que j\u00e1 visitaram a Plataforma.<\/p>\n<p>Poder\u00e1 optar por n\u00e3o aceitar o Google Analytics for Display Advertisers e n\u00e3o ser exposto a an\u00fancios da Google Display Network. Para tal, poder\u00e1 aceder ao\u00a0<a href=\"https:\/\/www.google.com\/settings\/ads\/onweb\/\" target=\"_blank\" rel=\"noopener\">Ads Preferences Manager<\/a>\u00a0e ao\u00a0<a href=\"https:\/\/tools.google.com\/dlpage\/gaoptout\/\" target=\"_blank\" rel=\"noopener\">Analytics Opt-out Browser Add-on<\/a>.<\/p>\n<p>A KW Portugal poder\u00e1 promover pr\u00e1ticas de remarketing para anunciar online, o que significa que os utilizadores que n\u00e3o fizerem &#8220;opt-out&#8221; da Google Display Network atrav\u00e9s dos m\u00e9todos j\u00e1 mencionados, poder\u00e3o ser expostos a an\u00fancios da KW Portugal na rede de conte\u00fado da Google. Entidades terceiras, como a Google ou o Facebook, podem exibir an\u00fancios da KW Portugal em sites das suas redes de conte\u00fados. Entidades terceiras, como a Google ou o Facebook, podem ainda utilizar Cookies (como os Cookies do Google Analytics) que servem para optimizar an\u00fancios com base em informa\u00e7\u00f5es de visitas passadas dos utilizadores no Website.<\/p>\n<p>\u00a0<\/p>\n<h2><strong>7. Onde s\u00e3o armazenados os dados pessoais e durante quanto tempo<\/strong><\/h2>\n<p>Os dados que a KW Portugal recolhe a partir da sua Plataforma ser\u00e3o armazenados em servidores localizados dentro da Uni\u00e3o Europeia.<\/p>\n<p>O per\u00edodo de tempo durante o qual os dados s\u00e3o armazenados varia de acordo com a finalidade para a qual a informa\u00e7\u00e3o \u00e9 tratada. A KW Portugal manter\u00e1 os dados pessoais dos utilizadores enquanto for estes forem utilizadores activos do Website. Caso um utilizador n\u00e3o interaja com qualquer das funcionalidades disponibilizadas no Website, por um per\u00edodo de 3 (tr\u00eas) anos, a sua aus\u00eancia da Plataforma ser\u00e1 interpretada como uma manifesta\u00e7\u00e3o de desinteresse em manter um registo activo e a KW Portugal envidar\u00e1 esfor\u00e7os junto da rede de Consultores Imobili\u00e1rios seus associados para os respectivos dados pessoais sejam eliminados de todas as bases de dados em que os mesmos constem.<\/p>\n<p>Existem requisitos legais, todavia, que obrigam a conservar os dados por um per\u00edodo de tempo m\u00ednimo. Assim, e sempre que n\u00e3o exista uma exig\u00eancia legal espec\u00edfica, os dados ser\u00e3o armazenados apenas pelo per\u00edodo m\u00ednimo necess\u00e1rio para as finalidades que motivaram a sua recolha ou o seu posterior tratamento ou, pelo per\u00edodo de tempo autorizado pela Comiss\u00e3o Nacional de Protec\u00e7\u00e3o de Dados, findo o qual a KW Portugal envidar\u00e1 esfor\u00e7os junto da rede de Consultores Imobili\u00e1rios seus associados para que os respectivos dados pessoais sejam eliminados de todas as bases de dados em que os mesmos constem.<\/p>\n<p>\u00a0<\/p>\n<h2><strong>8. Medidas t\u00e9cnicas e organizativas e seguran\u00e7a do tratamento<\/strong><\/h2>\n<p>Toda a informa\u00e7\u00e3o que a KW Portugal receba da parte dos utilizadores da sua Plataforma ser\u00e1 armazenada em servidores seguros e, em articula\u00e7\u00e3o com os nossos parceiros tecnol\u00f3gicos, promoveremos a implementa\u00e7\u00e3o de medidas t\u00e9cnicas e organizativas necess\u00e1rias para que quaisquer dados pessoais sejam protegidos a um n\u00edvel de seguran\u00e7a adequado, que garanta em particular, a confidencialidade e a integridade dos dados e que previna a destrui\u00e7\u00e3o, perda e altera\u00e7\u00f5es acidentais ou il\u00edcitas ou, ainda, a divulga\u00e7\u00e3o ou acesso n\u00e3o autorizados aos mesmos.<\/p>\n<p>N\u00e3o obstante as medidas implementadas para proteger os seus dados, todo e qualquer utilizador dever\u00e1 estar ciente de que a transmiss\u00e3o de informa\u00e7\u00e3o atrav\u00e9s da Internet, ou outras redes abertas, nunca \u00e9 totalmente segura, havendo o risco de os dados serem vistos e utilizados por terceiros n\u00e3o autorizados. A KW Portugal \u00e9 obrigada alertar todos os que navegam na Internet que devem adoptar medidas adicionais de seguran\u00e7a, designadamente, assegurar que utiliza um dispositivo e um browser actualizados em termos de &#8220;patches&#8221; de seguran\u00e7a adequadamente configurados, com firewall activa, antiv\u00edrus e anti-spyware e, certificar-se da autenticidade dos sites que visita na Internet, devendo evitar websites em cuja reputa\u00e7\u00e3o n\u00e3o confie.<\/p>\n<p>\u00a0<\/p>\n<h2><strong>9. Liga\u00e7\u00f5es para outros sites<\/strong><\/h2>\n<p>O Website poder\u00e1 conter links para outros s\u00edtios de Internet, ou para outras aplica\u00e7\u00f5es, incluindo dos nossos parceiros. Caso aceda a um desses links, note que cada um ter\u00e1 a sua pr\u00f3pria pol\u00edtica de privacidade e a KW Portugal n\u00e3o se poder\u00e1 responsabilizar por essas pol\u00edticas. \u00c9 aconselh\u00e1vel a leitura das pol\u00edticas de privacidade de outros s\u00edtios de Internet antes de submeter dados pessoais atrav\u00e9s dos mesmos.<\/p>\n<p>\u00a0<\/p>\n<h2><strong>10. Contactos<\/strong><\/h2>\n<p>Para quaisquer informa\u00e7\u00f5es adicionais, ou para exercer os seus direitos, poder\u00e1 sempre contactar a KW Portugal atrav\u00e9s do n\u00famero 210 488 191, ou atrav\u00e9s do nosso formul\u00e1rio dispon\u00edvel na\u00a0<a href=\"https:\/\/mailnewsletter.pt\/kwarea\/contactos\" target=\"_blank\" rel=\"noopener\">p\u00e1gina de Contacto<\/a>.<\/p>\n<p><\/p>\t\t\t\t\t\t\t\t<\/div>\n\t\t\t\t<\/div>\n\t\t\t\t\t<\/div>\n\t\t\t\t<\/div>\n\t\t\t\t<\/div>\n\t\t","protected":false},"excerpt":{"rendered":"<p>Pol\u00edtica de Privacidade &#8211; KW AREA O nosso compromisso com a sua Privacidade A seguran\u00e7a e a privacidade dos seus dados pessoais s\u00e3o importantes para a KW Portugal, para os Markets Centers que comp\u00f5em a Rede e para os Consultores nossos associados, pelo que desenvolvemos as nossas actividades comerciais no estrito cumprimento da legisla\u00e7\u00e3o aplic\u00e1vel [&hellip;]<\/p>\n","protected":false},"author":1,"featured_media":0,"parent":0,"menu_order":0,"comment_status":"closed","ping_status":"closed","template":"","meta":{"footnotes":""},"class_list":["post-3","page","type-page","status-publish","hentry"],"_links":{"self":[{"href":"https:\/\/mailnewsletter.pt\/kwarea\/wp-json\/wp\/v2\/pages\/3","targetHints":{"allow":["GET"]}}],"collection":[{"href":"https:\/\/mailnewsletter.pt\/kwarea\/wp-json\/wp\/v2\/pages"}],"about":[{"href":"https:\/\/mailnewsletter.pt\/kwarea\/wp-json\/wp\/v2\/types\/page"}],"author":[{"embeddable":true,"href":"https:\/\/mailnewsletter.pt\/kwarea\/wp-json\/wp\/v2\/users\/1"}],"replies":[{"embeddable":true,"href":"https:\/\/mailnewsletter.pt\/kwarea\/wp-json\/wp\/v2\/comments?post=3"}],"version-history":[{"count":10,"href":"https:\/\/mailnewsletter.pt\/kwarea\/wp-json\/wp\/v2\/pages\/3\/revisions"}],"predecessor-version":[{"id":4538,"href":"https:\/\/mailnewsletter.pt\/kwarea\/wp-json\/wp\/v2\/pages\/3\/revisions\/4538"}],"wp:attachment":[{"href":"https:\/\/mailnewsletter.pt\/kwarea\/wp-json\/wp\/v2\/media?parent=3"}],"curies":[{"name":"wp","href":"https:\/\/api.w.org\/{rel}","templated":true}]}}